{"id":2956,"date":"2024-07-03T16:59:44","date_gmt":"2024-07-03T14:59:44","guid":{"rendered":"https:\/\/innovelec-industrie.com\/?page_id=2956"},"modified":"2024-07-03T17:07:15","modified_gmt":"2024-07-03T15:07:15","slug":"mentions-legales","status":"publish","type":"page","link":"https:\/\/innovelec-industrie.com\/index.php\/mentions-legales\/","title":{"rendered":"Mentions l\u00e9gales"},"content":{"rendered":"[vc_row type=\u00a0\u00bbfull_width_background\u00a0\u00bb full_screen_row_position=\u00a0\u00bbmiddle\u00a0\u00bb column_margin=\u00a0\u00bbdefault\u00a0\u00bb column_direction=\u00a0\u00bbdefault\u00a0\u00bb column_direction_tablet=\u00a0\u00bbdefault\u00a0\u00bb column_direction_phone=\u00a0\u00bbdefault\u00a0\u00bb bg_color=\u00a0\u00bb#cbcbc3&Prime; bg_image=\u00a0\u00bb2583&Prime; bg_position=\u00a0\u00bbleft top\u00a0\u00bb background_image_loading=\u00a0\u00bbdefault\u00a0\u00bb bg_repeat=\u00a0\u00bbno-repeat\u00a0\u00bb scene_position=\u00a0\u00bbcenter\u00a0\u00bb top_padding=\u00a0\u00bb4%\u00a0\u00bb bottom_padding=\u00a0\u00bb4%\u00a0\u00bb text_color=\u00a0\u00bblight\u00a0\u00bb text_align=\u00a0\u00bbleft\u00a0\u00bb row_border_radius=\u00a0\u00bbnone\u00a0\u00bb row_border_radius_applies=\u00a0\u00bbbg\u00a0\u00bb overflow=\u00a0\u00bbvisible\u00a0\u00bb id=\u00a0\u00bbintro\u00a0\u00bb enable_gradient=\u00a0\u00bbtrue\u00a0\u00bb color_overlay=\u00a0\u00bbrgba(0,0,0,0.47)\u00a0\u00bb color_overlay_2=\u00a0\u00bb#02397c\u00a0\u00bb overlay_strength=\u00a0\u00bb1&Prime; gradient_direction=\u00a0\u00bbtop_to_bottom\u00a0\u00bb shape_divider_position=\u00a0\u00bbbottom\u00a0\u00bb bg_image_animation=\u00a0\u00bbnone\u00a0\u00bb gradient_type=\u00a0\u00bbdefault\u00a0\u00bb shape_type=\u00a0\u00bb\u00a0\u00bb][vc_column column_padding=\u00a0\u00bbno-extra-padding\u00a0\u00bb column_padding_tablet=\u00a0\u00bbinherit\u00a0\u00bb column_padding_phone=\u00a0\u00bbinherit\u00a0\u00bb column_padding_position=\u00a0\u00bball\u00a0\u00bb column_element_direction_desktop=\u00a0\u00bbdefault\u00a0\u00bb column_element_spacing=\u00a0\u00bbdefault\u00a0\u00bb desktop_text_alignment=\u00a0\u00bbdefault\u00a0\u00bb tablet_text_alignment=\u00a0\u00bbdefault\u00a0\u00bb phone_text_alignment=\u00a0\u00bbdefault\u00a0\u00bb background_color_opacity=\u00a0\u00bb1&Prime; background_hover_color_opacity=\u00a0\u00bb1&Prime; column_backdrop_filter=\u00a0\u00bbnone\u00a0\u00bb column_shadow=\u00a0\u00bbnone\u00a0\u00bb column_border_radius=\u00a0\u00bbnone\u00a0\u00bb column_link_target=\u00a0\u00bb_self\u00a0\u00bb column_position=\u00a0\u00bbdefault\u00a0\u00bb gradient_direction=\u00a0\u00bbleft_to_right\u00a0\u00bb overlay_strength=\u00a0\u00bb0.3&Prime; width=\u00a0\u00bb1\/1&Prime; tablet_width_inherit=\u00a0\u00bbdefault\u00a0\u00bb animation_type=\u00a0\u00bbdefault\u00a0\u00bb bg_image_animation=\u00a0\u00bbnone\u00a0\u00bb border_type=\u00a0\u00bbsimple\u00a0\u00bb column_border_width=\u00a0\u00bbnone\u00a0\u00bb column_border_style=\u00a0\u00bbsolid\u00a0\u00bb][split_line_heading animation_type=\u00a0\u00bbline-reveal-by-space\u00a0\u00bb font_style=\u00a0\u00bbh3&Prime; line_reveal_by_space_text_effect=\u00a0\u00bbdefault\u00a0\u00bb content_alignment=\u00a0\u00bbdefault\u00a0\u00bb mobile_content_alignment=\u00a0\u00bbinherit\u00a0\u00bb link_target=\u00a0\u00bb_self\u00a0\u00bb text_content=\u00a0\u00bbMENTIONS LEGALES\u00a0\u00bb text_direction=\u00a0\u00bbdefault\u00a0\u00bb][\/split_line_heading][vc_row_inner column_margin=\u00a0\u00bbdefault\u00a0\u00bb column_direction=\u00a0\u00bbdefault\u00a0\u00bb column_direction_tablet=\u00a0\u00bbdefault\u00a0\u00bb column_direction_phone=\u00a0\u00bbdefault\u00a0\u00bb text_align=\u00a0\u00bbleft\u00a0\u00bb row_position=\u00a0\u00bbdefault\u00a0\u00bb row_position_tablet=\u00a0\u00bbinherit\u00a0\u00bb row_position_phone=\u00a0\u00bbinherit\u00a0\u00bb overflow=\u00a0\u00bbvisible\u00a0\u00bb pointer_events=\u00a0\u00bball\u00a0\u00bb][vc_column_inner column_padding=\u00a0\u00bbno-extra-padding\u00a0\u00bb column_padding_tablet=\u00a0\u00bbinherit\u00a0\u00bb column_padding_phone=\u00a0\u00bbinherit\u00a0\u00bb column_padding_position=\u00a0\u00bball\u00a0\u00bb column_element_direction_desktop=\u00a0\u00bbdefault\u00a0\u00bb column_element_spacing=\u00a0\u00bbdefault\u00a0\u00bb desktop_text_alignment=\u00a0\u00bbdefault\u00a0\u00bb tablet_text_alignment=\u00a0\u00bbdefault\u00a0\u00bb phone_text_alignment=\u00a0\u00bbdefault\u00a0\u00bb background_color_opacity=\u00a0\u00bb1&Prime; background_hover_color_opacity=\u00a0\u00bb1&Prime; column_backdrop_filter=\u00a0\u00bbnone\u00a0\u00bb column_shadow=\u00a0\u00bbnone\u00a0\u00bb column_border_radius=\u00a0\u00bbnone\u00a0\u00bb column_link_target=\u00a0\u00bb_self\u00a0\u00bb overflow=\u00a0\u00bbvisible\u00a0\u00bb gradient_direction=\u00a0\u00bbleft_to_right\u00a0\u00bb overlay_strength=\u00a0\u00bb0.3&Prime; width=\u00a0\u00bb1\/1&Prime; tablet_width_inherit=\u00a0\u00bbdefault\u00a0\u00bb animation_type=\u00a0\u00bbdefault\u00a0\u00bb enable_animation=\u00a0\u00bbtrue\u00a0\u00bb animation=\u00a0\u00bbfade-in-from-bottom\u00a0\u00bb animation_easing=\u00a0\u00bbdefault\u00a0\u00bb bg_image_animation=\u00a0\u00bbnone\u00a0\u00bb border_type=\u00a0\u00bbsimple\u00a0\u00bb column_border_width=\u00a0\u00bbnone\u00a0\u00bb column_border_style=\u00a0\u00bbsolid\u00a0\u00bb][vc_column_text css_animation=\u00a0\u00bbbounceInUp\u00a0\u00bb css=\u00a0\u00bb\u00a0\u00bb text_direction=\u00a0\u00bbdefault\u00a0\u00bb]<strong>Editeur du site INNOVELEC-INDUSTRIE.COM (ci-apr\u00e8s \u00a0\u00bb Site \u00ab\u00a0) :<\/strong><\/p>\n<p>INNOVELEC INDUSTRIE, soci\u00e9t\u00e9 par actions simplifi\u00e9e, immatricul\u00e9e sous le SIREN 340010826, est en activit\u00e9 depuis 37 ans. Implant\u00e9e \u00e0 \u00a0Rue des Courbes Fauchees, 90800 Bavilliers<br \/>\nT\u00e9l\u00e9phone : <a href=\"https:\/\/www.google.com\/search?q=innovelec+bavilliers&amp;rlz=1C1VDKB_frFR1047FR1047&amp;oq=innovelec+ba&amp;gs_lcrp=EgZjaHJvbWUqCggAEAAY4wIYgAQyCggAEAAY4wIYgAQyEAgBEC4YrwEYxwEYgAQYjgUyBggCEEUYOTIKCAMQABiiBBiJBTIKCAQQABiABBiiBDIKCAUQABiABBiiBDIGCAYQRRg8MgYIBxBFGDyoAgCwAgE&amp;sourceid=chrome&amp;ie=UTF-8\"><span aria-label=\"Appeler le 03 84 57 03 70\">03 84 57 03 70<\/span><\/a><br \/>\nE-mail : contact@innovelec-industrie.fr<\/p>\n<p><strong>Directeur de publication :<\/strong><\/p>\n<ol>\n<li>MICKAEL GAUDARD<\/li>\n<\/ol>\n<p><strong>Droits de propri\u00e9t\u00e9 intellectuelle<\/strong><\/p>\n<p>Le Site comprend un certain nombre de rubriques dans lesquelles les utilisateurs peuvent envoyer leurs coordonn\u00e9es \u00e0 INNOVELEC-INDUSTRIE pour postuler \u00e0 des offres d\u2019emplois, dans lesquelles les utilisateurs peuvent t\u00e9l\u00e9charger des communiqu\u00e9s de presse et des documents, dans lesquelles les utilisateurs peuvent envoyer leur curriculum vitae \u00e0 INNOVELEC-INDUSTRIE, ou selon le choix des utilisateurs, pour recevoir notre \u00a0\u00bb newsletter \u00ab\u00a0.<br \/>\nINNOVELEC-INDUSTRIE est responsable du traitement et respecte la vie priv\u00e9e des utilisateurs du Site conform\u00e9ment \u00e0 l&rsquo;article n\u00b078-17 du 6 janvier 1978 de la Loi Informatique et Libert\u00e9s, dans sa version en vigueur.<br \/>\nINNOVELEC-INDUSTRIE a pris les mesures n\u00e9cessaires pour prot\u00e9ger le caract\u00e8re confidentiel des donn\u00e9es personnelles collect\u00e9es aupr\u00e8s des utilisateurs du Site.<br \/>\nINNOVELEC-INDUSTRIE informe les utilisateurs qu&rsquo;ils ont acc\u00e8s et peuvent modifier les donn\u00e9es personnelles les concernant. Les utilisateurs peuvent s&rsquo;opposer, pour des raisons l\u00e9gitimes, au traitement des donn\u00e9es les concernant. Toutefois, INNOVELEC-INDUSTRIE tient \u00e0 informer les utilisateurs que l&rsquo;exercice de ces droits peut entra\u00eener l&rsquo;impossibilit\u00e9 d&rsquo;acc\u00e9der \u00e0 certains services propos\u00e9s par INNOVELEC-INDUSTRIE. Les utilisateurs peuvent \u00e9galement s&rsquo;opposer \u00e0 juste titre \u00e0 l&rsquo;utilisation commerciale et prospective de leurs donn\u00e9es personnelles.<br \/>\nToute demande de droit d&rsquo;acc\u00e8s, de modification ou d&rsquo;opposition doit \u00eatre faite par \u00e9crit, sign\u00e9e par le demandeur, indiquer l&rsquo;adresse \u00e0 laquelle la r\u00e9ponse doit \u00eatre envoy\u00e9e, y compris un justificatif d&rsquo;identit\u00e9, et envoy\u00e9e par courrier \u00e0 INNOVELEC-INDUSTRIE, \u00e0 l&rsquo;adresse indiqu\u00e9e ci-dessus sur le pr\u00e9sent document.<\/p>\n<p><strong>Liens hypertextes<\/strong><\/p>\n<p>La mise en place de liens hypertextes vers des pages appartenant au Site n\u00e9cessite une autorisation pr\u00e9alable et \u00e9crite de INNOVELEC-INDUSTRIE.<\/p>\n<p>Le Site peut comporter des liens hypertextes vers des pages appartenant \u00e0 d&rsquo;autres sites Internet. INNOVELEC-INDUSTRIE ne saurait \u00eatre tenu responsable des informations contenues dans ces sites ou des offres qui y sont propos\u00e9es.<\/p>\n<p><strong>Limitation de responsabilit\u00e9<\/strong><\/p>\n<p>INNOVELEC-INDUSTRIE peut, \u00e0 tout moment, modifier ou mettre \u00e0 jour les donn\u00e9es ou les conditions d&rsquo;utilisation de ce Site. En cas d&rsquo;utilisation ult\u00e9rieure, il vous appartient de v\u00e9rifier les modifications des conditions d&rsquo;utilisation du Site.<\/p>\n<p>Les informations et donn\u00e9es disponibles sur ce Site sont fournies \u00e0 titre indicatif, bien que INNOVELEC-INDUSTRIE s&rsquo;efforce de rendre le contenu de ce Site fiable. INNOVELEC-INDUSTRIE ne saurait \u00eatre tenu pour responsable de l&rsquo;inexactitude des informations et\/ou donn\u00e9es. Vous utilisez toute information ou donn\u00e9e de ce Site sous votre propre responsabilit\u00e9.<\/p>\n<p>Aucun contenu de ce Site ne peut constituer directement ou indirectement une offre ou un engagement contractuel. Les informations, illustrations ou documents contenus sur ce Site ne constituent pas une obligation pour INNOVELEC-INDUSTRIE \u00a0en termes de garantie, de performance, de disponibilit\u00e9 ou de qualit\u00e9 des produits\/services pr\u00e9sent\u00e9s. Pour plus d&rsquo;informations concernant leur disponibilit\u00e9, les conditions de vente ou de garantie, vous devez contacter directement INNOVELEC-INDUSTRIE.<\/p>\n<p>INNOVELEC-INDUSTRIE ne garantit pas la confidentialit\u00e9 des informations transmises via le r\u00e9seau Internet, qui peuvent \u00eatre utilis\u00e9es par des tiers utilisant cette infrastructure.<\/p>\n<p>Il appartient \u00e0 chaque utilisateur de prendre les pr\u00e9cautions n\u00e9cessaires pour prot\u00e9ger ses donn\u00e9es et\/ou logiciels de la contamination \u00e9ventuelle par des virus informatiques circulant sur le r\u00e9seau.<\/p>\n<p>INNOVELEC-INDUSTRIE ne peut \u00eatre tenu pour responsable d&rsquo;\u00e9ventuelles interruptions emp\u00eachant l&rsquo;acc\u00e8s au Site, dues \u00e0 des mises \u00e0 jour, maintenances et modifications n\u00e9cessaires, ou \u00e0 d&rsquo;\u00e9ventuels dysfonctionnements d&rsquo;Internet dans la transmission de donn\u00e9es, messages ou documents.<\/p>\n<p>INNOVELEC-INDUSTRIE ne peut \u00eatre tenu responsable des cons\u00e9quences directes ou indirectes de vos erreurs de saisie des donn\u00e9es de contact ou de toute autre information incompl\u00e8te ou erron\u00e9e, que vous pourriez transmettre via le pr\u00e9sent Site.<\/p>\n<p>INNOVELEC-INDUSTRIE ne pourra \u00eatre tenu responsable des dommages directs ou indirects que vous pourriez subir dans le cadre de l&rsquo;utilisation du pr\u00e9sent Site.<\/p>\n<p><strong>Juridiction comp\u00e9tente<\/strong><\/p>\n<p>Les pr\u00e9sentes conditions l\u00e9gales sont r\u00e9gies par le droit fran\u00e7ais.<\/p>\n<p>Pour toute question relative au pr\u00e9sent Site, il est fait attribution de juridiction aux tribunaux fran\u00e7ais comp\u00e9tents.[\/vc_column_text][\/vc_column_inner][\/vc_row_inner][\/vc_column][\/vc_row]\n","protected":false},"excerpt":{"rendered":"<p>[vc_row type=\u00a0\u00bbfull_width_background\u00a0\u00bb full_screen_row_position=\u00a0\u00bbmiddle\u00a0\u00bb column_margin=\u00a0\u00bbdefault\u00a0\u00bb column_direction=\u00a0\u00bbdefault\u00a0\u00bb column_direction_tablet=\u00a0\u00bbdefault\u00a0\u00bb column_direction_phone=\u00a0\u00bbdefault\u00a0\u00bb bg_color=\u00a0\u00bb#cbcbc3&Prime; bg_image=\u00a0\u00bb2583&Prime; bg_position=\u00a0\u00bbleft top\u00a0\u00bb background_image_loading=\u00a0\u00bbdefault\u00a0\u00bb bg_repeat=\u00a0\u00bbno-repeat\u00a0\u00bb scene_position=\u00a0\u00bbcenter\u00a0\u00bb top_padding=\u00a0\u00bb4%\u00a0\u00bb bottom_padding=\u00a0\u00bb4%\u00a0\u00bb text_color=\u00a0\u00bblight\u00a0\u00bb text_align=\u00a0\u00bbleft\u00a0\u00bb row_border_radius=\u00a0\u00bbnone\u00a0\u00bb row_border_radius_applies=\u00a0\u00bbbg\u00a0\u00bb overflow=\u00a0\u00bbvisible\u00a0\u00bb id=\u00a0\u00bbintro\u00a0\u00bb enable_gradient=\u00a0\u00bbtrue\u00a0\u00bb color_overlay=\u00a0\u00bbrgba(0,0,0,0.47)\u00a0\u00bb color_overlay_2=\u00a0\u00bb#02397c\u00a0\u00bb overlay_strength=\u00a0\u00bb1&Prime; gradient_direction=\u00a0\u00bbtop_to_bottom\u00a0\u00bb shape_divider_position=\u00a0\u00bbbottom\u00a0\u00bb bg_image_animation=\u00a0\u00bbnone\u00a0\u00bb gradient_type=\u00a0\u00bbdefault\u00a0\u00bb&#8230;<\/p>\n","protected":false},"author":1,"featured_media":0,"parent":0,"menu_order":0,"comment_status":"closed","ping_status":"closed","template":"","meta":{"om_disable_all_campaigns":false,"_monsterinsights_skip_tracking":false,"_monsterinsights_sitenote_active":false,"_monsterinsights_sitenote_note":"","_monsterinsights_sitenote_category":0,"footnotes":""},"class_list":["post-2956","page","type-page","status-publish"],"aioseo_notices":[],"_links":{"self":[{"href":"https:\/\/innovelec-industrie.com\/index.php\/wp-json\/wp\/v2\/pages\/2956","targetHints":{"allow":["GET"]}}],"collection":[{"href":"https:\/\/innovelec-industrie.com\/index.php\/wp-json\/wp\/v2\/pages"}],"about":[{"href":"https:\/\/innovelec-industrie.com\/index.php\/wp-json\/wp\/v2\/types\/page"}],"author":[{"embeddable":true,"href":"https:\/\/innovelec-industrie.com\/index.php\/wp-json\/wp\/v2\/users\/1"}],"replies":[{"embeddable":true,"href":"https:\/\/innovelec-industrie.com\/index.php\/wp-json\/wp\/v2\/comments?post=2956"}],"version-history":[{"count":5,"href":"https:\/\/innovelec-industrie.com\/index.php\/wp-json\/wp\/v2\/pages\/2956\/revisions"}],"predecessor-version":[{"id":2961,"href":"https:\/\/innovelec-industrie.com\/index.php\/wp-json\/wp\/v2\/pages\/2956\/revisions\/2961"}],"wp:attachment":[{"href":"https:\/\/innovelec-industrie.com\/index.php\/wp-json\/wp\/v2\/media?parent=2956"}],"curies":[{"name":"wp","href":"https:\/\/api.w.org\/{rel}","templated":true}]}}